{"id":18,"date":"2025-12-27T21:40:20","date_gmt":"2025-12-27T21:40:20","guid":{"rendered":"https:\/\/heloise-schrijft.nl\/?page_id=18"},"modified":"2026-01-05T14:48:16","modified_gmt":"2026-01-05T14:48:16","slug":"home","status":"publish","type":"page","link":"https:\/\/heloise-schrijft.nl\/","title":{"rendered":"Home"},"content":{"rendered":"\t\t<div data-elementor-type=\"wp-post\" data-elementor-id=\"18\" class=\"elementor elementor-18\">\n\t\t\t\t<div class=\"elementor-element elementor-element-78f137a3 e-flex e-con-boxed e-con e-parent\" data-id=\"78f137a3\" data-element_type=\"container\" data-settings=\"{&quot;background_background&quot;:&quot;classic&quot;}\">\n\t\t\t\t\t<div class=\"e-con-inner\">\n\t\t<div class=\"elementor-element elementor-element-23aea11c e-con-full e-flex e-con e-child\" data-id=\"23aea11c\" data-element_type=\"container\" data-settings=\"{&quot;background_background&quot;:&quot;classic&quot;}\">\n\t\t\t\t<div class=\"elementor-element elementor-element-6157b2b elementor-widget elementor-widget-text-editor\" data-id=\"6157b2b\" data-element_type=\"widget\" data-widget_type=\"text-editor.default\">\n\t\t\t\t\t\t\t\t\t<div style=\"text-align: center;\"><p>Ik roep jou<\/p><h1>GEROEPEN OM TE VECHTEN<\/h1><p>H\u00e9lo\u00efse van Gemerden<\/p><\/div>\t\t\t\t\t\t\t\t<\/div>\n\t\t\t\t<div class=\"elementor-element elementor-element-1bf4120e elementor-align-center elementor-widget elementor-widget-button\" data-id=\"1bf4120e\" data-element_type=\"widget\" data-widget_type=\"button.default\">\n\t\t\t\t\t\t\t\t\t\t<a class=\"elementor-button elementor-button-link elementor-size-sm\" href=\"#geroepenomtevechten\" id=\"preorder\">\n\t\t\t\t\t\t<span class=\"elementor-button-content-wrapper\">\n\t\t\t\t\t\t\t\t\t<span class=\"elementor-button-text\">Bekijk meer<\/span>\n\t\t\t\t\t<\/span>\n\t\t\t\t\t<\/a>\n\t\t\t\t\t\t\t\t<\/div>\n\t\t\t\t<\/div>\n\t\t\t\t\t<\/div>\n\t\t\t\t<\/div>\n\t\t<div class=\"elementor-element elementor-element-7e63ce54 e-flex e-con-boxed e-con e-parent\" data-id=\"7e63ce54\" data-element_type=\"container\" id=\"geroepen\" data-settings=\"{&quot;animation&quot;:&quot;none&quot;,&quot;shape_divider_top&quot;:&quot;mountains&quot;}\">\n\t\t\t\t\t<div class=\"e-con-inner\">\n\t\t\t\t<div class=\"elementor-shape elementor-shape-top\" aria-hidden=\"true\" data-negative=\"false\">\n\t\t\t<svg xmlns=\"http:\/\/www.w3.org\/2000\/svg\" viewBox=\"0 0 1000 100\" preserveAspectRatio=\"none\">\n\t<path class=\"elementor-shape-fill\" opacity=\"0.33\" d=\"M473,67.3c-203.9,88.3-263.1-34-320.3,0C66,119.1,0,59.7,0,59.7V0h1000v59.7 c0,0-62.1,26.1-94.9,29.3c-32.8,3.3-62.8-12.3-75.8-22.1C806,49.6,745.3,8.7,694.9,4.7S492.4,59,473,67.3z\"\/>\n\t<path class=\"elementor-shape-fill\" opacity=\"0.66\" d=\"M734,67.3c-45.5,0-77.2-23.2-129.1-39.1c-28.6-8.7-150.3-10.1-254,39.1 s-91.7-34.4-149.2,0C115.7,118.3,0,39.8,0,39.8V0h1000v36.5c0,0-28.2-18.5-92.1-18.5C810.2,18.1,775.7,67.3,734,67.3z\"\/>\n\t<path class=\"elementor-shape-fill\" d=\"M766.1,28.9c-200-57.5-266,65.5-395.1,19.5C242,1.8,242,5.4,184.8,20.6C128,35.8,132.3,44.9,89.9,52.5C28.6,63.7,0,0,0,0 h1000c0,0-9.9,40.9-83.6,48.1S829.6,47,766.1,28.9z\"\/>\n<\/svg>\t\t<\/div>\n\t\t<div class=\"elementor-element elementor-element-5c5373b8 e-con-full animated-slow e-flex elementor-invisible e-con e-child\" data-id=\"5c5373b8\" data-element_type=\"container\" data-settings=\"{&quot;animation&quot;:&quot;fadeInUp&quot;}\">\n\t\t\t\t<div class=\"elementor-element elementor-element-59d57e93 elementor-widget elementor-widget-image\" data-id=\"59d57e93\" data-element_type=\"widget\" id=\"geroepenomtevechten\" data-widget_type=\"image.default\">\n\t\t\t\t\t\t\t\t\t\t\t\t\t\t\t<img fetchpriority=\"high\" decoding=\"async\" width=\"676\" height=\"1024\" src=\"https:\/\/heloise-schrijft.nl\/wp-content\/uploads\/2025\/12\/Screenshot_20251010_073929_Canva1-1-676x1024.jpg\" class=\"attachment-large size-large wp-image-51\" alt=\"\" srcset=\"https:\/\/heloise-schrijft.nl\/wp-content\/uploads\/2025\/12\/Screenshot_20251010_073929_Canva1-1-676x1024.jpg 676w, https:\/\/heloise-schrijft.nl\/wp-content\/uploads\/2025\/12\/Screenshot_20251010_073929_Canva1-1-198x300.jpg 198w, https:\/\/heloise-schrijft.nl\/wp-content\/uploads\/2025\/12\/Screenshot_20251010_073929_Canva1-1-768x1164.jpg 768w, https:\/\/heloise-schrijft.nl\/wp-content\/uploads\/2025\/12\/Screenshot_20251010_073929_Canva1-1.jpg 933w\" sizes=\"(max-width: 676px) 100vw, 676px\" \/>\t\t\t\t\t\t\t\t\t\t\t\t\t\t\t<\/div>\n\t\t\t\t<\/div>\n\t\t<div class=\"elementor-element elementor-element-213c1248 e-con-full animated-slow e-flex elementor-invisible e-con e-child\" data-id=\"213c1248\" data-element_type=\"container\" data-settings=\"{&quot;animation&quot;:&quot;fadeInDown&quot;}\">\n\t\t\t\t<div class=\"elementor-element elementor-element-21d6f1a6 elementor-widget elementor-widget-heading\" data-id=\"21d6f1a6\" data-element_type=\"widget\" data-widget_type=\"heading.default\">\n\t\t\t\t\t<h2 class=\"elementor-heading-title elementor-size-default\">Geroepen om te vechten<\/h2>\t\t\t\t<\/div>\n\t\t\t\t<div class=\"elementor-element elementor-element-55ac9f91 elementor-widget elementor-widget-text-editor\" data-id=\"55ac9f91\" data-element_type=\"widget\" data-widget_type=\"text-editor.default\">\n\t\t\t\t\t\t\t\t\t<p>Geschreven door H\u00e9lo\u00efse van Gemerden<\/p>\t\t\t\t\t\t\t\t<\/div>\n\t\t\t\t<div class=\"elementor-element elementor-element-42923bec elementor-widget elementor-widget-text-editor\" data-id=\"42923bec\" data-element_type=\"widget\" data-widget_type=\"text-editor.default\">\n\t\t\t\t\t\t\t\t\t<p>Drie vrouwen, elk een compleet andere geschiedenis en bloedlijn. Alle drie geroepen om de dragers te worden van de ringen van Elenvil, geroepen om de wereld te redden van een eeuwige duisternis. De toekomst van Edoril hangt af van hun samenkomst. Alle drie de vrouwen moeten hun oude leven achterlaten, omdat niets ooit meer hetzelfde zal zijn. Met hun komst zetten ze een rij gebeurtenissen in beweging, die zeker de toekomst zullen bepalen. Wat is de waarheid, als de leugens zich steeds verder opdringen? Blijf je vechten als gewonnen gevechten nog geen overwonnen gevechten blijken te zijn?\u00a0<\/p><p>Drie vrouwen, samen gebracht door het lot, uit elkaar getrokken door de duisternis.\u00a0<\/p>\t\t\t\t\t\t\t\t<\/div>\n\t\t\t\t<div class=\"elementor-element elementor-element-233f463 elementor-align-center elementor-widget elementor-widget-button\" data-id=\"233f463\" data-element_type=\"widget\" data-widget_type=\"button.default\">\n\t\t\t\t\t\t\t\t\t\t<a class=\"elementor-button elementor-button-link elementor-size-sm\" href=\"https:\/\/forms.gle\/utNW4UuRAuHbme5UA\" id=\"preorder\">\n\t\t\t\t\t\t<span class=\"elementor-button-content-wrapper\">\n\t\t\t\t\t\t\t\t\t<span class=\"elementor-button-text\">Bestellen<\/span>\n\t\t\t\t\t<\/span>\n\t\t\t\t\t<\/a>\n\t\t\t\t\t\t\t\t<\/div>\n\t\t\t\t<\/div>\n\t\t\t\t\t<\/div>\n\t\t\t\t<\/div>\n\t\t<div class=\"elementor-element elementor-element-0a59ea3 e-flex e-con-boxed e-con e-parent\" data-id=\"0a59ea3\" data-element_type=\"container\" id=\"writing\">\n\t\t\t\t\t<div class=\"e-con-inner\">\n\t\t\t\t<div class=\"elementor-element elementor-element-355e1f4 elementor-widget elementor-widget-heading\" data-id=\"355e1f4\" data-element_type=\"widget\" data-widget_type=\"heading.default\">\n\t\t\t\t\t<h2 class=\"elementor-heading-title elementor-size-default\">Schrijfcursus \/ Writing course<\/h2>\t\t\t\t<\/div>\n\t\t\t\t<div class=\"elementor-element elementor-element-bf3dc34 elementor-widget elementor-widget-text-editor\" data-id=\"bf3dc34\" data-element_type=\"widget\" data-widget_type=\"text-editor.default\">\n\t\t\t\t\t\t\t\t\t<p>NL: Deze schrijfcursus is bedoeld om jou als schrijver te helpen van een boek idee naar een volledig afgerond manuscript. Deze cursus bestaat uit ruim 70 pagina&#8217;s + bijlagen. Hierin bespreken we onderwerpen zoals het cre\u00ebren van personages, het schrijven van dialoog, revisies, edits en ga zo maar door. De prijs is \u20ac12,50.\u00a0<\/p><p>ENG: This writing course is designed to help writers go from a book idea, to a fully finished manuscript. This course consists of over 70 pages + appendices. We cover topics like creating characters, writing dialogue, revisions, edits, etc. (The price is \u20ac12,50 \/ $14,99 \/ \u00a310,99)<\/p>\t\t\t\t\t\t\t\t<\/div>\n\t\t<div class=\"elementor-element elementor-element-6dc6744 e-con-full e-flex e-con e-child\" data-id=\"6dc6744\" data-element_type=\"container\">\n\t\t<div class=\"elementor-element elementor-element-3bd7257 e-con-full e-flex e-con e-child\" data-id=\"3bd7257\" data-element_type=\"container\">\n\t\t\t\t<div class=\"elementor-element elementor-element-b87497d elementor-widget elementor-widget-heading\" data-id=\"b87497d\" data-element_type=\"widget\" data-widget_type=\"heading.default\">\n\t\t\t\t\t<h2 class=\"elementor-heading-title elementor-size-default\">Nederlands<\/h2>\t\t\t\t<\/div>\n\t\t\t\t<div class=\"elementor-element elementor-element-74c1f70 elementor-align-center elementor-widget elementor-widget-button\" data-id=\"74c1f70\" data-element_type=\"widget\" data-widget_type=\"button.default\">\n\t\t\t\t\t\t\t\t\t\t<a class=\"elementor-button elementor-button-link elementor-size-sm\" href=\"https:\/\/docs.google.com\/forms\/d\/e\/1FAIpQLSfKM9uZAmxySyZ0_yn4zIDW7gVjC_zB9j6ZRv27U6-3IH2UiQ\/viewform\">\n\t\t\t\t\t\t<span class=\"elementor-button-content-wrapper\">\n\t\t\t\t\t\t\t\t\t<span class=\"elementor-button-text\">Schrijf cursus<\/span>\n\t\t\t\t\t<\/span>\n\t\t\t\t\t<\/a>\n\t\t\t\t\t\t\t\t<\/div>\n\t\t\t\t<\/div>\n\t\t<div class=\"elementor-element elementor-element-1ddc289 e-con-full e-flex e-con e-child\" data-id=\"1ddc289\" data-element_type=\"container\">\n\t\t\t\t<div class=\"elementor-element elementor-element-1ef6667 elementor-widget elementor-widget-heading\" data-id=\"1ef6667\" data-element_type=\"widget\" data-widget_type=\"heading.default\">\n\t\t\t\t\t<h2 class=\"elementor-heading-title elementor-size-default\">English<\/h2>\t\t\t\t<\/div>\n\t\t\t\t<div class=\"elementor-element elementor-element-7d81681 elementor-align-center elementor-widget elementor-widget-button\" data-id=\"7d81681\" data-element_type=\"widget\" data-widget_type=\"button.default\">\n\t\t\t\t\t\t\t\t\t\t<a class=\"elementor-button elementor-button-link elementor-size-sm\" href=\"https:\/\/docs.google.com\/forms\/d\/e\/1FAIpQLSf-874A28SYtDfc-yvctk0zLXA_pS05CYy5thGH0wnC_OQAOw\/viewform\">\n\t\t\t\t\t\t<span class=\"elementor-button-content-wrapper\">\n\t\t\t\t\t\t\t\t\t<span class=\"elementor-button-text\">Writing course<\/span>\n\t\t\t\t\t<\/span>\n\t\t\t\t\t<\/a>\n\t\t\t\t\t\t\t\t<\/div>\n\t\t\t\t<\/div>\n\t\t\t\t<\/div>\n\t\t\t\t\t<\/div>\n\t\t\t\t<\/div>\n\t\t<div class=\"elementor-element elementor-element-2da66ef6 e-flex e-con-boxed e-con e-parent\" data-id=\"2da66ef6\" data-element_type=\"container\" id=\"overmij\" data-settings=\"{&quot;background_background&quot;:&quot;classic&quot;,&quot;shape_divider_top&quot;:&quot;clouds&quot;}\">\n\t\t\t\t\t<div class=\"e-con-inner\">\n\t\t\t\t<div class=\"elementor-shape elementor-shape-top\" aria-hidden=\"true\" data-negative=\"false\">\n\t\t\t<svg xmlns=\"http:\/\/www.w3.org\/2000\/svg\" viewBox=\"0 0 283.5 27.8\" preserveAspectRatio=\"xMidYMax slice\">\n  <path class=\"elementor-shape-fill\" d=\"M0 0v6.7c1.9-.8 4.7-1.4 8.5-1 9.5 1.1 11.1 6 11.1 6s2.1-.7 4.3-.2c2.1.5 2.8 2.6 2.8 2.6s.2-.5 1.4-.7c1.2-.2 1.7.2 1.7.2s0-2.1 1.9-2.8c1.9-.7 3.6.7 3.6.7s.7-2.9 3.1-4.1 4.7 0 4.7 0 1.2-.5 2.4 0 1.7 1.4 1.7 1.4h1.4c.7 0 1.2.7 1.2.7s.8-1.8 4-2.2c3.5-.4 5.3 2.4 6.2 4.4.4-.4 1-.7 1.8-.9 2.8-.7 4 .7 4 .7s1.7-5 11.1-6c9.5-1.1 12.3 3.9 12.3 3.9s1.2-4.8 5.7-5.7c4.5-.9 6.8 1.8 6.8 1.8s.6-.6 1.5-.9c.9-.2 1.9-.2 1.9-.2s5.2-6.4 12.6-3.3c7.3 3.1 4.7 9 4.7 9s1.9-.9 4 0 2.8 2.4 2.8 2.4 1.9-1.2 4.5-1.2 4.3 1.2 4.3 1.2.2-1 1.4-1.7 2.1-.7 2.1-.7-.5-3.1 2.1-5.5 5.7-1.4 5.7-1.4 1.5-2.3 4.2-1.1c2.7 1.2 1.7 5.2 1.7 5.2s.3-.1 1.3.5c.5.4.8.8.9 1.1.5-1.4 2.4-5.8 8.4-4 7.1 2.1 3.5 8.9 3.5 8.9s.8-.4 2 0 1.1 1.1 1.1 1.1 1.1-1.1 2.3-1.1 2.1.5 2.1.5 1.9-3.6 6.2-1.2 1.9 6.4 1.9 6.4 2.6-2.4 7.4 0c3.4 1.7 3.9 4.9 3.9 4.9s3.3-6.9 10.4-7.9 11.5 2.6 11.5 2.6.8 0 1.2.2c.4.2.9.9.9.9s4.4-3.1 8.3.2c1.9 1.7 1.5 5 1.5 5s.3-1.1 1.6-1.4c1.3-.3 2.3.2 2.3.2s-.1-1.2.5-1.9 1.9-.9 1.9-.9-4.7-9.3 4.4-13.4c5.6-2.5 9.2.9 9.2.9s5-6.2 15.9-6.2 16.1 8.1 16.1 8.1.7-.2 1.6-.4V0H0z\"\/>\n<\/svg>\n\t\t<\/div>\n\t\t<div class=\"elementor-element elementor-element-5ce1c3b9 e-con-full animated-slow e-flex elementor-invisible e-con e-child\" data-id=\"5ce1c3b9\" data-element_type=\"container\" data-settings=\"{&quot;animation&quot;:&quot;fadeInDown&quot;}\">\n\t\t\t\t<div class=\"elementor-element elementor-element-388481c6 elementor-widget elementor-widget-heading\" data-id=\"388481c6\" data-element_type=\"widget\" data-widget_type=\"heading.default\">\n\t\t\t\t\t<h2 class=\"elementor-heading-title elementor-size-default\">Over mij<\/h2>\t\t\t\t<\/div>\n\t\t\t\t<div class=\"elementor-element elementor-element-57968286 elementor-widget elementor-widget-text-editor\" data-id=\"57968286\" data-element_type=\"widget\" data-widget_type=\"text-editor.default\">\n\t\t\t\t\t\t\t\t\t<p>De zeventienjarige H\u00e9lo\u00efse kan in haar kamer gevonden worden, met haar kat op schoot, terwijl ze urenlang door schrijft en fantaseert over fantasiewerelden. Het schrijven van deze trilogie en het ook daadwerkelijk publiceren ervan, was een droom die uitkwam. Met haar beste vriendin heeft ze op de middelbare school een boek geschreven, waarna ze het schrijven niet meer los heeft kunnen laten. Het duurde dan ook niet lang tot het idee voor deze trilogie stond. Naast het schrijven, vindt H\u00e9lo\u00efse het leuk om muziek te maken. Ze speelt sinds haar zesde de viool. Het spelen geeft haar vaak inspiratie voor nieuwe scenes. H\u00e9lo\u00efse denkt niet dat ze ooit kan stoppen met schrijven. Haar bureaulades zijn gevuld met post-its, waarop idee\u00ebn haastig opgeschreven zijn, zodat ze ze niet kan vergeten.\u00a0<\/p>\t\t\t\t\t\t\t\t<\/div>\n\t\t\t\t<\/div>\n\t\t<div class=\"elementor-element elementor-element-3ba3640c e-con-full animated-slow e-flex elementor-invisible e-con e-child\" data-id=\"3ba3640c\" data-element_type=\"container\" data-settings=\"{&quot;animation&quot;:&quot;fadeInUp&quot;}\">\n\t\t\t\t<div class=\"elementor-element elementor-element-6e87907 elementor-widget elementor-widget-image\" data-id=\"6e87907\" data-element_type=\"widget\" data-widget_type=\"image.default\">\n\t\t\t\t\t\t\t\t\t\t\t\t\t\t\t<img decoding=\"async\" src=\"https:\/\/heloise-schrijft.nl\/wp-content\/uploads\/2025\/12\/IMG-20250606-WA0052-2.jpg\" title=\"IMG-20250606-WA0052 (2)\" alt=\"IMG-20250606-WA0052 (2)\" loading=\"lazy\" \/>\t\t\t\t\t\t\t\t\t\t\t\t\t\t\t<\/div>\n\t\t\t\t<\/div>\n\t\t\t\t\t<\/div>\n\t\t\t\t<\/div>\n\t\t\t\t<\/div>\n\t\t","protected":false},"excerpt":{"rendered":"<p>Ik roep jou GEROEPEN OM TE VECHTEN H\u00e9lo\u00efse van Gemerden Bekijk meer Geroepen om te vechten Geschreven door H\u00e9lo\u00efse van Gemerden Drie vrouwen, elk een compleet andere geschiedenis en bloedlijn. Alle drie geroepen om de dragers te worden van de ringen van Elenvil, geroepen om de wereld te redden van een eeuwige duisternis. De toekomst [&hellip;]<\/p>\n","protected":false},"author":3,"featured_media":0,"parent":0,"menu_order":0,"comment_status":"closed","ping_status":"closed","template":"","meta":{"footnotes":""},"class_list":["post-18","page","type-page","status-publish","hentry"],"_links":{"self":[{"href":"https:\/\/heloise-schrijft.nl\/index.php?rest_route=\/wp\/v2\/pages\/18","targetHints":{"allow":["GET"]}}],"collection":[{"href":"https:\/\/heloise-schrijft.nl\/index.php?rest_route=\/wp\/v2\/pages"}],"about":[{"href":"https:\/\/heloise-schrijft.nl\/index.php?rest_route=\/wp\/v2\/types\/page"}],"author":[{"embeddable":true,"href":"https:\/\/heloise-schrijft.nl\/index.php?rest_route=\/wp\/v2\/users\/3"}],"replies":[{"embeddable":true,"href":"https:\/\/heloise-schrijft.nl\/index.php?rest_route=%2Fwp%2Fv2%2Fcomments&post=18"}],"version-history":[{"count":56,"href":"https:\/\/heloise-schrijft.nl\/index.php?rest_route=\/wp\/v2\/pages\/18\/revisions"}],"predecessor-version":[{"id":101,"href":"https:\/\/heloise-schrijft.nl\/index.php?rest_route=\/wp\/v2\/pages\/18\/revisions\/101"}],"wp:attachment":[{"href":"https:\/\/heloise-schrijft.nl\/index.php?rest_route=%2Fwp%2Fv2%2Fmedia&parent=18"}],"curies":[{"name":"wp","href":"https:\/\/api.w.org\/{rel}","templated":true}]}}